{"id":179,"date":"2013-09-26T18:07:59","date_gmt":"2013-09-26T18:07:59","guid":{"rendered":"http:\/\/gamesandnarrative.net\/icids2013\/?page_id=179"},"modified":"2013-10-12T19:21:30","modified_gmt":"2013-10-12T19:21:30","slug":"accommodation","status":"publish","type":"page","link":"http:\/\/gamesandnarrative.net\/icids2013\/accommodation","title":{"rendered":"Accommodation"},"content":{"rendered":"<p>The Organizing Committee for ICIDS 2013\u00a0has negotiated special rates at the following hotels. The first two are within walking distance of the conference site. Prices include breakfast.<\/p>\n<p>Please visit the the hosts partner site for a direct reservation option: <a href=\"http:\/\/icids2013.bahcesehir.edu.tr\/?page_id=91\">http:\/\/icids2013.bahcesehir.edu.tr\/?page_id=91<\/a><\/p>\n<p>To make a reservation with the special rates please contact the hotels using the contact addresses below (both). Mention the ICIDS 2013 Conference and Bahcesehir University while making your reservation to obtain the special rates.<\/p>\n<h1><b>Cheya Besiktas Hotel<\/b><\/h1>\n<p><a href=\"http:\/\/www.cheyahotels.com\/en-en\">http:\/\/www.cheyahotels.com\/en-en<\/a><\/p>\n<p>Single Room: 80 EUR<\/p>\n<p>Double Room: 90 EUR<\/p>\n<p>Contact:<\/p>\n<p>Bar\u0131\u015f Bozku\u015f\u00a0<a href=\"mailto:baris@cheyaresidences.com.tr\">baris@cheyaresidences.com.tr<\/a><\/p>\n<p>\u00c7i\u011fdem \u00c7eki\u00e7\u00a0<a href=\"mailto:cigdem@cheyahotels.com\">cigdem@cheyahotels.com<\/a><\/p>\n<p>Adress:<\/p>\n<p>Barbaros Bulvar\u0131 No: 39 Akdo\u011fan Sk. Be\u015fikta\u015f\u00a034353 \u0130stanbul,Turkey<\/p>\n<p>Tel : +90 212 327 6077<\/p>\n<p>Fax : +90 212 327 8357<\/p>\n<p>Description:<\/p>\n<p>Located in a very central and dynamic Istanbul district on one of the main Boullevards,Barbaros Bulvari, Cheya Be\u015fikta\u015f is a distinctive experience with its outstanding design. The property has 6 floors and features 49 spacious rooms offering a range of rooms to cater to the different lifestyle needs of leisure and business travellers.<\/p>\n<p><iframe loading=\"lazy\" src=\"https:\/\/www.google.com\/maps?t=m&amp;q=Barbaros+Bulvar%C4%B1+No:+39+Akdo%C4%9Fan+Sk.+Be%C5%9Fikta%C5%9F+34353+%C4%B0stanbul,Turkey&amp;ie=UTF8&amp;hq=&amp;hnear=Cihann%C3%BCma+Mh.,+Akdo%C4%9Fan+Sk+No:39,+Be%C5%9Fikta%C5%9F,+Turkey&amp;ll=41.047333,29.007232&amp;spn=0.011684,0.018175&amp;z=14&amp;output=embed\" height=\"350\" width=\"425\" frameborder=\"0\" marginwidth=\"0\" marginheight=\"0\" scrolling=\"no\"><\/iframe><br \/>\n<small><a style=\"color: #0000ff; text-align: left;\" href=\"https:\/\/www.google.com\/maps?t=m&amp;q=Barbaros+Bulvar%C4%B1+No:+39+Akdo%C4%9Fan+Sk.+Be%C5%9Fikta%C5%9F+34353+%C4%B0stanbul,Turkey&amp;ie=UTF8&amp;hq=&amp;hnear=Cihann%C3%BCma+Mh.,+Akdo%C4%9Fan+Sk+No:39,+Be%C5%9Fikta%C5%9F,+Turkey&amp;ll=41.047333,29.007232&amp;spn=0.011684,0.018175&amp;z=14&amp;source=embed\">View Larger Map<\/a><\/small><\/p>\n<h1><\/h1>\n<h1><b>La Maison Hotel<\/b><\/h1>\n<p><a href=\"http:\/\/istanbul.lamaison.com.tr\/Default.aspx\">http:\/\/istanbul.lamaison.com.tr<\/a><\/p>\n<p>Single Room: 100 EUR<\/p>\n<p>Double Room 100 EUR<\/p>\n<p>Contact:<\/p>\n<p>Nagihan K\u0131z\u0131l\u00a0<a href=\"mailto:nagihan@lamaison.com.tr\">nagihan@lamaison.com.tr<\/a><\/p>\n<p>Adress:<\/p>\n<p>M\u00fcvezzi Caddesi No:43 \u00c7\u0131ra\u011fan, Be\u015fikta\u015f\u00a034349 Istanbul &#8211; Turkey<\/p>\n<p>Tel: +90 212 227 42 63<\/p>\n<p>Fax: +90 212 258 87 29<\/p>\n<p>Description<\/p>\n<p>La Maison has been an Istanbul classic since 1993. It is regarded by many as one of the best restaurants in the city. It embraces breathtaking views of the Bosporus for your pleasure whether you are enjoying our excellent breakfast or our French and Mediterranean menu.<\/p>\n<p>For your holidays or business trips you will find a peaceful environment at the heart of a vibrant city with close and easy access to both cultural and business centres of Istanbul. Yet, you can wake up either to the beautiful and peaceful gardens of Y\u0131ld\u0131z Park home to Ottoman Palaces or to the serene view\u2019s of the Bosporus.<\/p>\n<p><iframe loading=\"lazy\" src=\"https:\/\/www.google.com\/maps?f=q&amp;source=s_q&amp;hl=en&amp;geocode=&amp;q=M%C3%BCvezzi+Caddesi+No:43+%C3%87%C4%B1ra%C4%9Fan,+Be%C5%9Fikta%C5%9F++34349+Istanbul+-+Turkey&amp;aq=&amp;sll=41.047338,29.007224&amp;sspn=0.011684,0.018175&amp;ie=UTF8&amp;hq=&amp;hnear=Y%C4%B1ld%C4%B1z+Mh.,+M%C3%BCvezzi+Cd+No:43,+Be%C5%9Fikta%C5%9F,+Turkey&amp;ll=41.046702,29.012704&amp;spn=0.011684,0.018175&amp;t=m&amp;z=14&amp;output=embed\" height=\"350\" width=\"425\" frameborder=\"0\" marginwidth=\"0\" marginheight=\"0\" scrolling=\"no\"><\/iframe><br \/>\n<small><a style=\"color: #0000ff; text-align: left;\" href=\"https:\/\/www.google.com\/maps?f=q&amp;source=embed&amp;hl=en&amp;geocode=&amp;q=M%C3%BCvezzi+Caddesi+No:43+%C3%87%C4%B1ra%C4%9Fan,+Be%C5%9Fikta%C5%9F++34349+Istanbul+-+Turkey&amp;aq=&amp;sll=41.047338,29.007224&amp;sspn=0.011684,0.018175&amp;ie=UTF8&amp;hq=&amp;hnear=Y%C4%B1ld%C4%B1z+Mh.,+M%C3%BCvezzi+Cd+No:43,+Be%C5%9Fikta%C5%9F,+Turkey&amp;ll=41.046702,29.012704&amp;spn=0.011684,0.018175&amp;t=m&amp;z=14\">View Larger Map<\/a><\/small><\/p>\n<p>&nbsp;<\/p>\n<h1><b>The Point Hotel<\/b><\/h1>\n<p><a href=\"http:\/\/www.pointhotel.com\/barbaros\/english\/\">http:\/\/www.pointhotel.com\/barbaros\/english\/<\/a><\/p>\n<p>Single Room: 125 EUR<\/p>\n<p>Double Room: 140 EUR<\/p>\n<p>Contact:<\/p>\n<p>Bet\u00fcl B\u0131\u00e7k\u0131\u00e7\u0131\u00a0<a href=\"mailto:betulb@pointhotel.com\">etulb@pointhotel.com<\/a><\/p>\n<p>Burcu G\u00fcl\u00a0<a href=\"mailto:bgul@pointhotel.com\">bgul@pointhotel.com<\/a><\/p>\n<p>Adress:<\/p>\n<p>Esentepe Y\u0131ld\u0131z Posta Cad. No:29 \u015ei\u015fli \/ Istanbul &#8211; TURKEY<\/p>\n<p>Tel: +90 212 337 3000<\/p>\n<p>Fax: +90 212 337 3030<\/p>\n<p>Description<\/p>\n<p>A whole new way of life created by integrating contemporary art with high technology. Turkey&#8217;s first ART-TECH hotel Point Hotel Barbaros began to welcome guests. In room technology includes; 40 inch Sony LCD Full HD television. Free Internet Connection (Wireless and Cable). Room service for Playstation 3 and Nintendo Wii. Connection Possibilities between tv and cd player\/laptop\/game controller via media hub. Direct phone, minibar, kettle, safe box (size for laptop), central airconditioning, fire alarm.<\/p>\n<p><b>\u00a0<\/b><br \/>\n<iframe loading=\"lazy\" src=\"https:\/\/www.google.com\/maps?f=q&amp;source=s_q&amp;hl=en&amp;geocode=&amp;q=Esentepe+Y%C4%B1ld%C4%B1z+Posta+Cad.+No:29+%C5%9Ei%C5%9Fli+%2F+Istanbul+-+TURKEY&amp;aq=&amp;sll=41.046702,29.012704&amp;sspn=0.011684,0.018175&amp;ie=UTF8&amp;hq=&amp;hnear=Esentepe+Mh.,+Y%C4%B1ld%C4%B1z+Posta+Cd+No:29,+%C5%9Ei%C5%9Fli,+Turkey&amp;t=m&amp;z=14&amp;ll=41.065183,29.009201&amp;output=embed\" height=\"350\" width=\"425\" frameborder=\"0\" marginwidth=\"0\" marginheight=\"0\" scrolling=\"no\"><\/iframe><br \/>\n<small><a style=\"color: #0000ff; text-align: left;\" href=\"https:\/\/www.google.com\/maps?f=q&amp;source=embed&amp;hl=en&amp;geocode=&amp;q=Esentepe+Y%C4%B1ld%C4%B1z+Posta+Cad.+No:29+%C5%9Ei%C5%9Fli+%2F+Istanbul+-+TURKEY&amp;aq=&amp;sll=41.046702,29.012704&amp;sspn=0.011684,0.018175&amp;ie=UTF8&amp;hq=&amp;hnear=Esentepe+Mh.,+Y%C4%B1ld%C4%B1z+Posta+Cd+No:29,+%C5%9Ei%C5%9Fli,+Turkey&amp;t=m&amp;z=14&amp;ll=41.065183,29.009201\">View Larger Map<\/a><\/small><\/p>\n","protected":false},"excerpt":{"rendered":"<p>The Organizing Committee for ICIDS 2013\u00a0has negotiated special rates at the following hotels. The first two are within walking distance of the conference site. Prices include breakfast. Please visit the the hosts partner site for a direct reservation option: http:\/\/icids2013.bahcesehir.edu.tr\/?page_id=91 &hellip; <a href=\"http:\/\/gamesandnarrative.net\/icids2013\/accommodation\">Continue reading <span class=\"meta-nav\">&rarr;<\/span><\/a><\/p>\n","protected":false},"author":6,"featured_media":0,"parent":0,"menu_order":0,"comment_status":"closed","ping_status":"open","template":"","meta":{"footnotes":""},"class_list":["post-179","page","type-page","status-publish","hentry"],"_links":{"self":[{"href":"http:\/\/gamesandnarrative.net\/icids2013\/wp-json\/wp\/v2\/pages\/179","targetHints":{"allow":["GET"]}}],"collection":[{"href":"http:\/\/gamesandnarrative.net\/icids2013\/wp-json\/wp\/v2\/pages"}],"about":[{"href":"http:\/\/gamesandnarrative.net\/icids2013\/wp-json\/wp\/v2\/types\/page"}],"author":[{"embeddable":true,"href":"http:\/\/gamesandnarrative.net\/icids2013\/wp-json\/wp\/v2\/users\/6"}],"replies":[{"embeddable":true,"href":"http:\/\/gamesandnarrative.net\/icids2013\/wp-json\/wp\/v2\/comments?post=179"}],"version-history":[{"count":14,"href":"http:\/\/gamesandnarrative.net\/icids2013\/wp-json\/wp\/v2\/pages\/179\/revisions"}],"predecessor-version":[{"id":292,"href":"http:\/\/gamesandnarrative.net\/icids2013\/wp-json\/wp\/v2\/pages\/179\/revisions\/292"}],"wp:attachment":[{"href":"http:\/\/gamesandnarrative.net\/icids2013\/wp-json\/wp\/v2\/media?parent=179"}],"curies":[{"name":"wp","href":"https:\/\/api.w.org\/{rel}","templated":true}]}}