{"id":422,"date":"2013-11-04T15:46:21","date_gmt":"2013-11-04T15:46:21","guid":{"rendered":"http:\/\/gamesandnarrative.net\/icids2013\/?page_id=422"},"modified":"2013-11-04T15:46:21","modified_gmt":"2013-11-04T15:46:21","slug":"local-transportation","status":"publish","type":"page","link":"http:\/\/gamesandnarrative.net\/icids2013\/local-transportation","title":{"rendered":"Local transportation"},"content":{"rendered":"<p>The recommended means of transportation from the airport is a taxi. It should be about 55 TL.<\/p>\n<p>The address for the main conference site is<\/p>\n<h1>Bahcesehir University<\/h1>\n<p>\u00c7\u0131ra\u011fan Caddesi Osmanpa\u015fa Mektebi Sokak No: 4 &#8211; 6<\/p>\n<p>34353 Be\u015fikta\u015f, \u0130STANBUL \/ T\u00dcRK\u0130YE<\/p>\n<p>and for the Game lab (Thursday afternoon for the Exhibition opening)<\/p>\n<p>M\u00fceyyetzade Mahallesi Kemeralt\u0131 Caddesi<br \/>\nKarao\u011flan Soka\u011f\u0131 No: 24\/a<br \/>\nGalata\/Karak\u00f6y \u0130STANBUL\/T\u00dcRK\u0130YE<\/p>\n","protected":false},"excerpt":{"rendered":"<p>The recommended means of transportation from the airport is a taxi. It should be about 55 TL. The address for the main conference site is Bahcesehir University \u00c7\u0131ra\u011fan Caddesi Osmanpa\u015fa Mektebi Sokak No: 4 &#8211; 6 34353 Be\u015fikta\u015f, \u0130STANBUL \/ &hellip; <a href=\"http:\/\/gamesandnarrative.net\/icids2013\/local-transportation\">Continue reading <span class=\"meta-nav\">&rarr;<\/span><\/a><\/p>\n","protected":false},"author":6,"featured_media":0,"parent":0,"menu_order":0,"comment_status":"closed","ping_status":"open","template":"","meta":{"footnotes":""},"class_list":["post-422","page","type-page","status-publish","hentry"],"_links":{"self":[{"href":"http:\/\/gamesandnarrative.net\/icids2013\/wp-json\/wp\/v2\/pages\/422","targetHints":{"allow":["GET"]}}],"collection":[{"href":"http:\/\/gamesandnarrative.net\/icids2013\/wp-json\/wp\/v2\/pages"}],"about":[{"href":"http:\/\/gamesandnarrative.net\/icids2013\/wp-json\/wp\/v2\/types\/page"}],"author":[{"embeddable":true,"href":"http:\/\/gamesandnarrative.net\/icids2013\/wp-json\/wp\/v2\/users\/6"}],"replies":[{"embeddable":true,"href":"http:\/\/gamesandnarrative.net\/icids2013\/wp-json\/wp\/v2\/comments?post=422"}],"version-history":[{"count":1,"href":"http:\/\/gamesandnarrative.net\/icids2013\/wp-json\/wp\/v2\/pages\/422\/revisions"}],"predecessor-version":[{"id":423,"href":"http:\/\/gamesandnarrative.net\/icids2013\/wp-json\/wp\/v2\/pages\/422\/revisions\/423"}],"wp:attachment":[{"href":"http:\/\/gamesandnarrative.net\/icids2013\/wp-json\/wp\/v2\/media?parent=422"}],"curies":[{"name":"wp","href":"https:\/\/api.w.org\/{rel}","templated":true}]}}